{"id":942,"date":"2022-05-21T10:17:26","date_gmt":"2022-05-21T10:17:26","guid":{"rendered":"https:\/\/modinatheme.com\/dustrix\/?page_id=942"},"modified":"2026-02-02T23:22:02","modified_gmt":"2026-02-02T20:22:02","slug":"hizmetler","status":"publish","type":"page","link":"https:\/\/torkmekanik.com\/index.php\/hizmetler\/","title":{"rendered":"H\u0130ZMETLER"},"content":{"rendered":"\t\t<div data-elementor-type=\"wp-page\" data-elementor-id=\"942\" class=\"elementor elementor-942\">\n\t\t\t\t\t\t<section class=\"elementor-section elementor-top-section elementor-element elementor-element-a4dde4d elementor-section-boxed elementor-section-height-default elementor-section-height-default\" data-id=\"a4dde4d\" data-element_type=\"section\">\n\t\t\t\t\t\t<div class=\"elementor-container elementor-column-gap-no\">\n\t\t\t\t\t<div class=\"elementor-column elementor-col-100 elementor-top-column elementor-element elementor-element-62d1e17 top column-style-top\" data-id=\"62d1e17\" data-element_type=\"column\">\n\t\t\t<div class=\"elementor-widget-wrap elementor-element-populated\">\n\t\t\t\t\t\t<section class=\"elementor-section elementor-inner-section elementor-element elementor-element-5c6ddb5 elementor-section-full_width elementor-section-height-default elementor-section-height-default\" data-id=\"5c6ddb5\" data-element_type=\"section\">\n\t\t\t\t\t\t<div class=\"elementor-container elementor-column-gap-default\">\n\t\t\t\t\t<div class=\"elementor-column elementor-col-33 elementor-inner-column elementor-element elementor-element-258a93d top column-style-top\" data-id=\"258a93d\" data-element_type=\"column\">\n\t\t\t<div class=\"elementor-widget-wrap elementor-element-populated\">\n\t\t\t\t\t\t<div class=\"elementor-element elementor-element-c16fe1e elementor-widget elementor-widget-modina_card_item\" data-id=\"c16fe1e\" data-element_type=\"widget\" data-widget_type=\"modina_card_item.default\">\n\t\t\t\t<div class=\"elementor-widget-container\">\n\t\t\t\t\t\r\n        <div class=\"single-approach-card single-card-item\">\r\n                <div class=\"card-thumb bg-cover\" style=\"background-image: url('http:\/\/torkmekanik.com\/wp-content\/uploads\/2026\/02\/yangin2.webp')\"><\/div>\r\n                <div class=\"content\">\r\n                        <div class=\"case-cat\">\r\n                <a href=\"\">\r\n                    <i class=\"flaticon-sketch\"><\/i>\r\n                <\/a>\r\n            <\/div>\r\n                        <h3><a href=\"\">Yang\u0131n Tesisat\u0131<\/a><\/h3>\r\n            <p>Tork Mekanik M\u00fchendislik olarak; can ve mal g\u00fcvenli\u011fini esas alan, y\u00fcr\u00fcrl\u00fckteki y\u00f6netmelik ve standartlara uygun yang\u0131n tesisat\u0131 \u00e7\u00f6z\u00fcmleri sunmaktay\u0131z. Projelendirme a\u015famas\u0131ndan uygulama ve devreye alma s\u00fcre\u00e7lerine kadar t\u00fcm \u00e7al\u0131\u015fmalar\u0131 m\u00fchendislik disiplini ve kalite anlay\u0131\u015f\u0131yla y\u00fcr\u00fct\u00fcyor; g\u00fcvenilir, s\u00fcrd\u00fcr\u00fclebilir ve etkin sistemler kuruyoruz.\n\n<\/p>\r\n            <a href=\"  \" class=\"read-btn\"> <i class=\"fal fa-long-arrow-right\"><\/i><\/a>\r\n        <\/div>\r\n    <\/div>\r\n        \t\t\t\t<\/div>\n\t\t\t\t<\/div>\n\t\t\t\t\t<\/div>\n\t\t<\/div>\n\t\t\t\t<div class=\"elementor-column elementor-col-33 elementor-inner-column elementor-element elementor-element-f9dee90 top column-style-top\" data-id=\"f9dee90\" data-element_type=\"column\">\n\t\t\t<div class=\"elementor-widget-wrap elementor-element-populated\">\n\t\t\t\t\t\t<div class=\"elementor-element elementor-element-ce64dd0 elementor-widget elementor-widget-modina_card_item\" data-id=\"ce64dd0\" data-element_type=\"widget\" data-widget_type=\"modina_card_item.default\">\n\t\t\t\t<div class=\"elementor-widget-container\">\n\t\t\t\t\t\r\n        <div class=\"single-approach-card single-card-item\">\r\n                <div class=\"card-thumb bg-cover\" style=\"background-image: url('http:\/\/torkmekanik.com\/wp-content\/uploads\/2026\/02\/isitma2.jpg')\"><\/div>\r\n                <div class=\"content\">\r\n                        <div class=\"case-cat\">\r\n                <a href=\"\">\r\n                    <i class=\"flaticon-building-2\"><\/i>\r\n                <\/a>\r\n            <\/div>\r\n                        <h3><a href=\"\">Is\u0131tma Sistemleri<\/a><\/h3>\r\n            <p>Ya\u015fam ve \u00e7al\u0131\u015fma alanlar\u0131 i\u00e7in y\u00fcksek verimlilik sa\u011flayan \u0131s\u0131tma tesisat\u0131 \u00e7\u00f6z\u00fcmleri sunmaktay\u0131z. Projelendirme, uygulama ve devreye alma s\u00fcre\u00e7lerini ilgili standartlar ve m\u00fchendislik esaslar\u0131 do\u011frultusunda ger\u00e7ekle\u015ftirerek, g\u00fcvenli ve uzun \u00f6m\u00fcrl\u00fc sistemler kurmaktay\u0131z.<\/p>\r\n            <a href=\"  \" class=\"read-btn\"> <i class=\"fal fa-long-arrow-right\"><\/i><\/a>\r\n        <\/div>\r\n    <\/div>\r\n        \t\t\t\t<\/div>\n\t\t\t\t<\/div>\n\t\t\t\t\t<\/div>\n\t\t<\/div>\n\t\t\t\t<div class=\"elementor-column elementor-col-33 elementor-inner-column elementor-element elementor-element-10bc16d top column-style-top\" data-id=\"10bc16d\" data-element_type=\"column\">\n\t\t\t<div class=\"elementor-widget-wrap elementor-element-populated\">\n\t\t\t\t\t\t<div class=\"elementor-element elementor-element-e4bd1ef elementor-widget elementor-widget-modina_card_item\" data-id=\"e4bd1ef\" data-element_type=\"widget\" data-widget_type=\"modina_card_item.default\">\n\t\t\t\t<div class=\"elementor-widget-container\">\n\t\t\t\t\t\r\n        <div class=\"single-approach-card single-card-item\">\r\n                <div class=\"card-thumb bg-cover\" style=\"background-image: url('http:\/\/torkmekanik.com\/wp-content\/uploads\/2026\/02\/dogalgaz2.jpg')\"><\/div>\r\n                <div class=\"content\">\r\n                        <div class=\"case-cat\">\r\n                <a href=\"\">\r\n                    <i class=\"flaticon-under-construction-1\"><\/i>\r\n                <\/a>\r\n            <\/div>\r\n                        <h3><a href=\"\">Do\u011falgaz Tesisat\u0131<\/a><\/h3>\r\n            <p>G\u00fcvenlik ve mevzuatlara tam uyum esas al\u0131narak do\u011falgaz tesisat\u0131 projelendirme ve uygulama hizmetleri sunmaktay\u0131z. Tesisat s\u00fcre\u00e7leri, ilgili y\u00f6netmelikler ve m\u00fchendislik standartlar\u0131 do\u011frultusunda titizlikle y\u00fcr\u00fct\u00fclerek, g\u00fcvenli, verimli ve s\u00fcrd\u00fcr\u00fclebilir sistemler olu\u015fturulmaktad\u0131r.<\/p>\r\n            <a href=\"  \" class=\"read-btn\"> <i class=\"fal fa-long-arrow-right\"><\/i><\/a>\r\n        <\/div>\r\n    <\/div>\r\n        \t\t\t\t<\/div>\n\t\t\t\t<\/div>\n\t\t\t\t\t<\/div>\n\t\t<\/div>\n\t\t\t\t\t<\/div>\n\t\t<\/section>\n\t\t\t\t<section class=\"elementor-section elementor-inner-section elementor-element elementor-element-d52e950 elementor-section-full_width elementor-section-height-default elementor-section-height-default\" data-id=\"d52e950\" data-element_type=\"section\">\n\t\t\t\t\t\t<div class=\"elementor-container elementor-column-gap-default\">\n\t\t\t\t\t<div class=\"elementor-column elementor-col-33 elementor-inner-column elementor-element elementor-element-128d0b3 top column-style-top\" data-id=\"128d0b3\" data-element_type=\"column\">\n\t\t\t<div class=\"elementor-widget-wrap elementor-element-populated\">\n\t\t\t\t\t\t<div class=\"elementor-element elementor-element-e836505 elementor-widget elementor-widget-modina_card_item\" data-id=\"e836505\" data-element_type=\"widget\" data-widget_type=\"modina_card_item.default\">\n\t\t\t\t<div class=\"elementor-widget-container\">\n\t\t\t\t\t\r\n        <div class=\"single-approach-card single-card-item\">\r\n                <div class=\"card-thumb bg-cover\" style=\"background-image: url('http:\/\/torkmekanik.com\/wp-content\/uploads\/2026\/02\/havalandirma.jpg')\"><\/div>\r\n                <div class=\"content\">\r\n                        <div class=\"case-cat\">\r\n                <a href=\"\">\r\n                    <i class=\"flaticon-construction-4\"><\/i>\r\n                <\/a>\r\n            <\/div>\r\n                        <h3><a href=\"\">Havaland\u0131rma Tesisat\u0131<\/a><\/h3>\r\n            <p>Tork Mekanik M\u00fchendislik olarak; i\u00e7 mek\u00e2n hava kalitesini art\u0131rmaya y\u00f6nelik havaland\u0131rma tesisat\u0131 \u00e7\u00f6z\u00fcmlerini, m\u00fchendislik esaslar\u0131 ve y\u00fcr\u00fcrl\u00fckteki standartlar do\u011frultusunda sunmaktay\u0131z. Projelendirme ve uygulama s\u00fcre\u00e7lerinde enerji verimlili\u011fi, konfor ve s\u00fcrd\u00fcr\u00fclebilirlik kriterlerini esas alarak etkin sistemler olu\u015fturmaktay\u0131z.<\/p>\r\n            <a href=\"  \" class=\"read-btn\"> <i class=\"fal fa-long-arrow-right\"><\/i><\/a>\r\n        <\/div>\r\n    <\/div>\r\n        \t\t\t\t<\/div>\n\t\t\t\t<\/div>\n\t\t\t\t\t<\/div>\n\t\t<\/div>\n\t\t\t\t<div class=\"elementor-column elementor-col-33 elementor-inner-column elementor-element elementor-element-5d20274 top column-style-top\" data-id=\"5d20274\" data-element_type=\"column\">\n\t\t\t<div class=\"elementor-widget-wrap elementor-element-populated\">\n\t\t\t\t\t\t<div class=\"elementor-element elementor-element-f666a68 elementor-widget elementor-widget-modina_card_item\" data-id=\"f666a68\" data-element_type=\"widget\" data-widget_type=\"modina_card_item.default\">\n\t\t\t\t<div class=\"elementor-widget-container\">\n\t\t\t\t\t\r\n        <div class=\"single-approach-card single-card-item\">\r\n                <div class=\"card-thumb bg-cover\" style=\"background-image: url('http:\/\/torkmekanik.com\/wp-content\/uploads\/2026\/02\/temiz-su-tesisati.jpg')\"><\/div>\r\n                <div class=\"content\">\r\n                        <div class=\"case-cat\">\r\n                <a href=\"\">\r\n                    <i class=\"flaticon-gas-station\"><\/i>\r\n                <\/a>\r\n            <\/div>\r\n                        <h3><a href=\"\">Temiz Su Tesisat\u0131<\/a><\/h3>\r\n            <p>Hijyen, sa\u011fl\u0131k ve kullan\u0131m g\u00fcvenli\u011fini esas alan temiz su tesisat\u0131 \u00e7\u00f6z\u00fcmlerini, ilgili standart ve y\u00f6netmeliklere uygun \u015fekilde sunmaktay\u0131z. Projelendirme ve uygulama s\u00fcre\u00e7lerinde kaliteli malzeme ve do\u011fru m\u00fchendislik yakla\u015f\u0131m\u0131yla, uzun \u00f6m\u00fcrl\u00fc ve verimli sistemler olu\u015fturmaktay\u0131z.<\/p>\r\n            <a href=\"  \" class=\"read-btn\"> <i class=\"fal fa-long-arrow-right\"><\/i><\/a>\r\n        <\/div>\r\n    <\/div>\r\n        \t\t\t\t<\/div>\n\t\t\t\t<\/div>\n\t\t\t\t\t<\/div>\n\t\t<\/div>\n\t\t\t\t<div class=\"elementor-column elementor-col-33 elementor-inner-column elementor-element elementor-element-2ddd1f0 top column-style-top\" data-id=\"2ddd1f0\" data-element_type=\"column\">\n\t\t\t<div class=\"elementor-widget-wrap elementor-element-populated\">\n\t\t\t\t\t\t<div class=\"elementor-element elementor-element-84e8a0b elementor-widget elementor-widget-modina_card_item\" data-id=\"84e8a0b\" data-element_type=\"widget\" data-widget_type=\"modina_card_item.default\">\n\t\t\t\t<div class=\"elementor-widget-container\">\n\t\t\t\t\t\r\n        <div class=\"single-approach-card single-card-item\">\r\n                <div class=\"card-thumb bg-cover\" style=\"background-image: url('http:\/\/torkmekanik.com\/wp-content\/uploads\/2026\/02\/pis-su.png')\"><\/div>\r\n                <div class=\"content\">\r\n                        <div class=\"case-cat\">\r\n                <a href=\"\">\r\n                    <i class=\"flaticon-electricity\"><\/i>\r\n                <\/a>\r\n            <\/div>\r\n                        <h3><a href=\"\">Pis Su tesisat\u0131<\/a><\/h3>\r\n            <p>Tork Mekanik M\u00fchendislik olarak; at\u0131k sular\u0131n g\u00fcvenli ve sa\u011fl\u0131kl\u0131 \u015fekilde uzakla\u015ft\u0131r\u0131lmas\u0131n\u0131 sa\u011flayan pis su tesisat\u0131 \u00e7\u00f6z\u00fcmlerini, ilgili standart ve y\u00f6netmeliklere uygun olarak sunmaktay\u0131z. Projelendirme ve uygulama s\u00fcre\u00e7lerinde sistemin s\u00fcreklili\u011fi, hijyen ve \u00e7evre g\u00fcvenli\u011fi esas al\u0131narak dayan\u0131kl\u0131 ve verimli altyap\u0131lar olu\u015fturulmaktad\u0131r.<\/p>\r\n            <a href=\"  \" class=\"read-btn\"> <i class=\"fal fa-long-arrow-right\"><\/i><\/a>\r\n        <\/div>\r\n    <\/div>\r\n        \t\t\t\t<\/div>\n\t\t\t\t<\/div>\n\t\t\t\t\t<\/div>\n\t\t<\/div>\n\t\t\t\t\t<\/div>\n\t\t<\/section>\n\t\t\t\t\t<\/div>\n\t\t<\/div>\n\t\t\t\t\t<\/div>\n\t\t<\/section>\n\t\t\t\t<section class=\"elementor-section elementor-top-section elementor-element elementor-element-ff7c3ba elementor-section-boxed elementor-section-height-default elementor-section-height-default\" data-id=\"ff7c3ba\" data-element_type=\"section\">\n\t\t\t\t\t\t<div class=\"elementor-container elementor-column-gap-default\">\n\t\t\t\t\t<div class=\"elementor-column elementor-col-100 elementor-top-column elementor-element elementor-element-b2181fd top column-style-top\" data-id=\"b2181fd\" data-element_type=\"column\">\n\t\t\t<div class=\"elementor-widget-wrap elementor-element-populated\">\n\t\t\t\t\t\t<section class=\"elementor-section elementor-inner-section elementor-element elementor-element-44f9e8a elementor-section-full_width elementor-section-height-default elementor-section-height-default\" data-id=\"44f9e8a\" data-element_type=\"section\">\n\t\t\t\t\t\t<div class=\"elementor-container elementor-column-gap-default\">\n\t\t\t\t\t<div class=\"elementor-column elementor-col-33 elementor-inner-column elementor-element elementor-element-da5c9d7 top column-style-top\" data-id=\"da5c9d7\" data-element_type=\"column\">\n\t\t\t<div class=\"elementor-widget-wrap elementor-element-populated\">\n\t\t\t\t\t\t<div class=\"elementor-element elementor-element-6d73a6b elementor-widget elementor-widget-modina_card_item\" data-id=\"6d73a6b\" data-element_type=\"widget\" data-widget_type=\"modina_card_item.default\">\n\t\t\t\t<div class=\"elementor-widget-container\">\n\t\t\t\t\t\r\n        <div class=\"single-approach-card single-card-item\">\r\n                <div class=\"card-thumb bg-cover\" style=\"background-image: url('http:\/\/torkmekanik.com\/wp-content\/uploads\/2026\/02\/sogutma-tesisati.jpg')\"><\/div>\r\n                <div class=\"content\">\r\n                        <div class=\"case-cat\">\r\n                <a href=\"\">\r\n                    <i class=\"flaticon-construction-4\"><\/i>\r\n                <\/a>\r\n            <\/div>\r\n                        <h3><a href=\"\">So\u011futma Sistemleri<\/a><\/h3>\r\n            <p>Konfor, enerji verimlili\u011fi ve sistem s\u00fcreklili\u011fini esas alan so\u011futma sistemlerinin projelendirme ve uygulama hizmetlerini sunmaktay\u0131z. \u0130htiyaca \u00f6zel m\u00fchendislik \u00e7\u00f6z\u00fcmleriyle, modern teknolojiye uygun, g\u00fcvenilir ve s\u00fcrd\u00fcr\u00fclebilir sistemler olu\u015fturmaktay\u0131z.<\/p>\r\n            <a href=\"  \" class=\"read-btn\"> <i class=\"fal fa-long-arrow-right\"><\/i><\/a>\r\n        <\/div>\r\n    <\/div>\r\n        \t\t\t\t<\/div>\n\t\t\t\t<\/div>\n\t\t\t\t\t<\/div>\n\t\t<\/div>\n\t\t\t\t<div class=\"elementor-column elementor-col-33 elementor-inner-column elementor-element elementor-element-0624956 top column-style-top\" data-id=\"0624956\" data-element_type=\"column\">\n\t\t\t<div class=\"elementor-widget-wrap elementor-element-populated\">\n\t\t\t\t\t\t<div class=\"elementor-element elementor-element-6d6ca26 elementor-widget elementor-widget-modina_card_item\" data-id=\"6d6ca26\" data-element_type=\"widget\" data-widget_type=\"modina_card_item.default\">\n\t\t\t\t<div class=\"elementor-widget-container\">\n\t\t\t\t\t\r\n        <div class=\"single-approach-card single-card-item\">\r\n                <div class=\"card-thumb bg-cover\" style=\"background-image: url('http:\/\/torkmekanik.com\/wp-content\/uploads\/2026\/02\/12.webp')\"><\/div>\r\n                <div class=\"content\">\r\n                        <div class=\"case-cat\">\r\n                <a href=\"\">\r\n                    <i class=\"flaticon-gas-station\"><\/i>\r\n                <\/a>\r\n            <\/div>\r\n                        <h3><a href=\"\">Havuz Tesisat\u0131<\/a><\/h3>\r\n            <p>Tork Mekanik M\u00fchendislik olarak; hijyen, sirk\u00fclasyon ve kullan\u0131c\u0131 g\u00fcvenli\u011fini esas alan havuz tesisat\u0131 \u00e7\u00f6z\u00fcmlerini sunmaktay\u0131z. Projelendirme ve uygulama s\u00fcre\u00e7lerinde, su filtrasyonu ve dezenfeksiyon sistemleri ilgili standartlara uygun \u015fekilde tasarlanarak, sa\u011fl\u0131kl\u0131 ve uzun \u00f6m\u00fcrl\u00fc sistemler olu\u015fturulmaktad\u0131r.<\/p>\r\n            <a href=\"  \" class=\"read-btn\"> <i class=\"fal fa-long-arrow-right\"><\/i><\/a>\r\n        <\/div>\r\n    <\/div>\r\n        \t\t\t\t<\/div>\n\t\t\t\t<\/div>\n\t\t\t\t\t<\/div>\n\t\t<\/div>\n\t\t\t\t<div class=\"elementor-column elementor-col-33 elementor-inner-column elementor-element elementor-element-e4e7b2f top column-style-top\" data-id=\"e4e7b2f\" data-element_type=\"column\">\n\t\t\t<div class=\"elementor-widget-wrap elementor-element-populated\">\n\t\t\t\t\t\t<div class=\"elementor-element elementor-element-0ba438e elementor-widget elementor-widget-modina_card_item\" data-id=\"0ba438e\" data-element_type=\"widget\" data-widget_type=\"modina_card_item.default\">\n\t\t\t\t<div class=\"elementor-widget-container\">\n\t\t\t\t\t\r\n        <div class=\"single-approach-card single-card-item\">\r\n                <div class=\"card-thumb bg-cover\" style=\"background-image: url('http:\/\/torkmekanik.com\/wp-content\/uploads\/2022\/06\/about-4-1.jpg')\"><\/div>\r\n                <div class=\"content\">\r\n                        <div class=\"case-cat\">\r\n                <a href=\"\">\r\n                    <i class=\"flaticon-electricity\"><\/i>\r\n                <\/a>\r\n            <\/div>\r\n                        <h3><a href=\"\">End\u00fcstriyel \u00e7\u00f6z\u00fcmler<\/a><\/h3>\r\n            <p>Tork Mekanik M\u00fchendislik olarak; sanayi tesislerinin ihtiya\u00e7lar\u0131na y\u00f6nelik mekanik sistem \u00e7\u00f6z\u00fcmlerini, m\u00fchendislik esaslar\u0131 ve proje gereksinimleri do\u011frultusunda sunmaktay\u0131z. Projelendirme ve uygulama s\u00fcre\u00e7lerinde verimlilik, g\u00fcvenlik ve s\u00fcrd\u00fcr\u00fclebilirlik kriterlerini esas alarak, i\u015fletmelere \u00f6zel etkin ve uzun \u00f6m\u00fcrl\u00fc sistemler geli\u015ftirmekteyiz.<\/p>\r\n            <a href=\"  \" class=\"read-btn\"> <i class=\"fal fa-long-arrow-right\"><\/i><\/a>\r\n        <\/div>\r\n    <\/div>\r\n        \t\t\t\t<\/div>\n\t\t\t\t<\/div>\n\t\t\t\t\t<\/div>\n\t\t<\/div>\n\t\t\t\t\t<\/div>\n\t\t<\/section>\n\t\t\t\t\t<\/div>\n\t\t<\/div>\n\t\t\t\t\t<\/div>\n\t\t<\/section>\n\t\t\t\t<\/div>\n\t\t","protected":false},"excerpt":{"rendered":"<p>Yang\u0131n Tesisat\u0131 Tork Mekanik M\u00fchendislik olarak; can ve mal g\u00fcvenli\u011fini esas alan, y\u00fcr\u00fcrl\u00fckteki y\u00f6netmelik ve standartlara uygun yang\u0131n tesisat\u0131 \u00e7\u00f6z\u00fcmleri sunmaktay\u0131z. Projelendirme a\u015famas\u0131ndan uygulama ve devreye alma s\u00fcre\u00e7lerine kadar t\u00fcm [&hellip;]<\/p>\n","protected":false},"author":1,"featured_media":0,"parent":0,"menu_order":0,"comment_status":"closed","ping_status":"closed","template":"elementor_header_footer","meta":{"footnotes":""},"class_list":["post-942","page","type-page","status-publish","hentry"],"acf":[],"_links":{"self":[{"href":"https:\/\/torkmekanik.com\/index.php\/wp-json\/wp\/v2\/pages\/942","targetHints":{"allow":["GET"]}}],"collection":[{"href":"https:\/\/torkmekanik.com\/index.php\/wp-json\/wp\/v2\/pages"}],"about":[{"href":"https:\/\/torkmekanik.com\/index.php\/wp-json\/wp\/v2\/types\/page"}],"author":[{"embeddable":true,"href":"https:\/\/torkmekanik.com\/index.php\/wp-json\/wp\/v2\/users\/1"}],"replies":[{"embeddable":true,"href":"https:\/\/torkmekanik.com\/index.php\/wp-json\/wp\/v2\/comments?post=942"}],"version-history":[{"count":51,"href":"https:\/\/torkmekanik.com\/index.php\/wp-json\/wp\/v2\/pages\/942\/revisions"}],"predecessor-version":[{"id":2608,"href":"https:\/\/torkmekanik.com\/index.php\/wp-json\/wp\/v2\/pages\/942\/revisions\/2608"}],"wp:attachment":[{"href":"https:\/\/torkmekanik.com\/index.php\/wp-json\/wp\/v2\/media?parent=942"}],"curies":[{"name":"wp","href":"https:\/\/api.w.org\/{rel}","templated":true}]}}